{"id":9,"date":"2016-04-25T14:12:05","date_gmt":"2016-04-25T14:12:05","guid":{"rendered":"http:\/\/site1383132818.hospedagemdesites.ws\/blog\/?page_id=9"},"modified":"2018-11-12T17:28:00","modified_gmt":"2018-11-12T17:28:00","slug":"postagens","status":"publish","type":"page","link":"https:\/\/www.toldoscondor.com.br\/blog\/postagens\/","title":{"rendered":"Postagens"},"content":{"rendered":"<h3 class=\"widget-title\">Postagens<\/h3>\n<h4><a href=\"https:\/\/www.toldoscondor.com.br\/blog\/2018\/\">2018<\/a><\/h4>\n<ul>\n<li><a href=\"https:\/\/www.toldoscondor.com.br\/blog\/2018\/12\">Dezembro 2018<\/a><\/li>\n<li><a href=\"https:\/\/www.toldoscondor.com.br\/blog\/2018\/11\">Novembro 2018<\/a><\/li>\n<li><a href=\"https:\/\/www.toldoscondor.com.br\/blog\/2018\/10\">Outubro 2018<\/a><\/li>\n<li><a href=\"https:\/\/www.toldoscondor.com.br\/blog\/2018\/09\">Setembro 2018<\/a><\/li>\n<li><a href=\"https:\/\/www.toldoscondor.com.br\/blog\/2018\/08\">Agosto 2018<\/a><\/li>\n<li><a href=\"https:\/\/www.toldoscondor.com.br\/blog\/2018\/07\">Julho 2018<\/a><\/li>\n<li><a href=\"https:\/\/www.toldoscondor.com.br\/blog\/2018\/06\">Junho 2018<\/a><\/li>\n<li><a href=\"https:\/\/www.toldoscondor.com.br\/blog\/2018\/05\">Maio 2018<\/a><\/li>\n<li><a href=\"https:\/\/www.toldoscondor.com.br\/blog\/2018\/04\">Abril 2018<\/a><\/li>\n<li><a href=\"https:\/\/www.toldoscondor.com.br\/blog\/2018\/03\/\">Mar\u00e7o 2018<\/a><\/li>\n<li><a href=\"https:\/\/www.toldoscondor.com.br\/blog\/2018\/02\/\">Fevereiro 2018<\/a><\/li>\n<li><a href=\"https:\/\/www.toldoscondor.com.br\/blog\/2018\/01\/\">Janeiro 2018<\/a><\/li>\n<\/ul>\n<hr \/>\n<h4><a href=\"https:\/\/www.toldoscondor.com.br\/blog\/2017\/\">2017<\/a><\/h4>\n<ul>\n<li><a href=\"https:\/\/www.toldoscondor.com.br\/blog\/2017\/12\/\">Dezembro 2017<\/a><\/li>\n<li><a href=\"https:\/\/www.toldoscondor.com.br\/blog\/2017\/11\/\">Novembro 2017<\/a><\/li>\n<li><a href=\"https:\/\/www.toldoscondor.com.br\/blog\/2017\/10\/\">Outubro 2017<\/a><\/li>\n<li><a href=\"https:\/\/www.toldoscondor.com.br\/blog\/2017\/09\/\">Setembro 2017<\/a><\/li>\n<li><a href=\"https:\/\/www.toldoscondor.com.br\/blog\/2017\/08\/\">Agosto 2017<\/a><\/li>\n<li><a href=\"https:\/\/www.toldoscondor.com.br\/blog\/2017\/07\/\">Julho 2017<\/a><\/li>\n<li><a href=\"https:\/\/www.toldoscondor.com.br\/blog\/2017\/06\/\">Junho 2017<\/a><\/li>\n<li><a href=\"https:\/\/www.toldoscondor.com.br\/blog\/2017\/05\/\">Maio 2017<\/a><\/li>\n<li><a href=\"https:\/\/www.toldoscondor.com.br\/blog\/2017\/04\/\">Abril 2017<\/a><\/li>\n<li><a href=\"https:\/\/www.toldoscondor.com.br\/blog\/2017\/03\/\">Mar\u00e7o 2017<\/a><\/li>\n<li><a href=\"https:\/\/www.toldoscondor.com.br\/blog\/2017\/02\/\">Fevereiro 2017<\/a><\/li>\n<li><a href=\"https:\/\/www.toldoscondor.com.br\/blog\/2017\/01\/\">Janeiro 2017<\/a><\/li>\n<\/ul>\n<hr \/>\n<h4><a href=\"https:\/\/www.toldoscondor.com.br\/blog\/2016\/\">2016<\/a><\/h4>\n<ul>\n<li><a href=\"https:\/\/www.toldoscondor.com.br\/blog\/2016\/12\/\">Dezembro 2016<\/a><\/li>\n<li><a href=\"https:\/\/www.toldoscondor.com.br\/blog\/2016\/11\/\">Novembro 2016<\/a><\/li>\n<li><a href=\"https:\/\/www.toldoscondor.com.br\/blog\/2016\/10\/\">Outubro 2016<\/a><\/li>\n<li><a href=\"https:\/\/www.toldoscondor.com.br\/blog\/2016\/09\/\">Setembro 2016<\/a><\/li>\n<li><a href=\"https:\/\/www.toldoscondor.com.br\/blog\/2016\/08\/\">Agosto 2016<\/a><\/li>\n<li><a href=\"https:\/\/www.toldoscondor.com.br\/blog\/2016\/07\/\">Julho 2016<\/a><\/li>\n<li><a href=\"https:\/\/www.toldoscondor.com.br\/blog\/2016\/06\/\">Junho 2016<\/a><\/li>\n<li><a href=\"https:\/\/www.toldoscondor.com.br\/blog\/2016\/05\/\">Maio 2016<\/a><\/li>\n<li><a href=\"https:\/\/www.toldoscondor.com.br\/blog\/2016\/04\/\">Abril 2016<\/a><\/li>\n<\/ul>\n<hr \/>\n<h3 class=\"widget-title\">Categorias<\/h3>\n<ul>\n<li class=\"cat-item cat-item-126\"><a href=\"https:\/\/www.toldoscondor.com.br\/blog\/category\/cobertura-em-lona\/\">Cobertura em Lona<\/a> (1)<\/li>\n<li class=\"cat-item cat-item-64\"><a title=\" Toldo e Cobertura P\u00e9rgola Zen A Cobertura P\u00e9rgola Zen \u00e9 indicada para qualquer tipo de espa\u00e7o, seja para um ambiente de \u00e1rea aberta, espa\u00e7o gourmet, espa\u00e7os comerciais... O acionamento pode ser feito manualmente ou atrav\u00e9s de Controle remoto. Dispon\u00edveis em Tecido Ar\u00edlico, Screen e Pvc. Com ou Sem Colunas de acordo com a necessidade de cada Ambiente. \" href=\"https:\/\/www.toldoscondor.com.br\/blog\/category\/pergola\/\">Pergola<\/a> (4)<\/li>\n<li class=\"cat-item cat-item-162\"><a href=\"https:\/\/www.toldoscondor.com.br\/blog\/category\/policarbonato-alveolar\/\">Policarbonato Alveolar<\/a> (3)<\/li>\n<li class=\"cat-item cat-item-140\"><a href=\"https:\/\/www.toldoscondor.com.br\/blog\/category\/policarbonato-compacto\/\">Policarbonato Compacto<\/a> (3)<\/li>\n<li class=\"cat-item cat-item-2\"><a title=\"O Toldo Articulado \u00e9 um modelo de Toldo Europeu, com Estrutura em Alum\u00ednio, Pintura Eletrost\u00e1tica, Manual ou Motorizado com Controle Remoto ou Censor de Chuva e Sol. Uma das facilidades dos Toldos Articulados, \u00e9 a regulagem da ca\u00edda, \u00e9 \u00fanico toldo que tem esta facilidade. Outra vantagem do Toldo Articulado s\u00e3o os seus Bra\u00e7os que tem a abertura de at\u00e9 3,50 m. Os Toldos Articulados foram considerados uns dos maiores lan\u00e7amentos dos \u00faltimos anos no mercado de Toldo. Com 1 ano de garantia sobre a estrutura, estrutura em alum\u00ednio com pintura eletrost\u00e1tica proporcionando maior durabilidade e qualidade, o Toldo perfeito para seu projeto.\" href=\"https:\/\/www.toldoscondor.com.br\/blog\/category\/toldo-articulado\/\">Toldo Articulado<\/a> (20)<\/li>\n<li class=\"cat-item cat-item-74\"><a title=\" Toldo Box Articulado Ares Este Modelo de Toldo \u00e9 o mais avan\u00e7ado do Mercado Mundial. O grande diferencial do Toldo Articulado Box Ares Max \u00e9 quando fechado, escondendo sua estrutura, dando maior durabilidade a Lona, Bra\u00e7os e Jun\u00e7\u00f5es. O modelo \u00e9 super discreto e atende perfeitamente qualquer constru\u00e7\u00e3o de Alto Padr\u00e3o. A Estrutura e a Lona s\u00e3o Importados da Espanha, com acabamento e qualidade incompar\u00e1veis. \" href=\"https:\/\/www.toldoscondor.com.br\/blog\/category\/toldo-articulado-box\/\">Toldo Articulado Box<\/a> (5)<\/li>\n<li class=\"cat-item cat-item-43\"><a title=\"O Toldo articulado M1 premium\u00a0 \u00e9 Importado da Espanha, Lona e Estrutura, com 3 Anos de Garantia. Estrutura em Alum\u00ednio e acabamento Perfeito, fazem do modelo Articulado M1 Premium um toldo Seguro, Resistente, Confi\u00e1vel e Perfeito para qualquer ambiente.\" href=\"https:\/\/www.toldoscondor.com.br\/blog\/category\/toldo-articulado-premium\/\">Toldo Articulado M1 Premium<\/a> (10)<\/li>\n<li class=\"cat-item cat-item-46\"><a title=\"O Toldo articulado M1 premium\u00a0 \u00e9 Importado da Espanha, Lona e Estrutura, com 3 Anos de Garantia. Estrutura em Alum\u00ednio e acabamento Perfeito, fazem do modelo Articulado M1 Premium um toldo Seguro, Resistente, Confi\u00e1vel e Perfeito para qualquer ambiente.\" href=\"https:\/\/www.toldoscondor.com.br\/blog\/category\/toldo-articulado-m1-premium-com-braco-cruzado\/\">Toldo Articulado M1 Premium Com Bra\u00e7o Cruzado<\/a> (1)<\/li>\n<li class=\"cat-item cat-item-79\"><a title=\"Toldo Cortina, muito utilizado para fechamento de Ambientes como \u00e1reas gourmet, sacadas, Varandas... A sua Estrutura \u00e9 em Alum\u00ednio, com acionamento Manual (Redutor e Manivela ou Mola de Press\u00e3o). ou interruptor. \" href=\"https:\/\/www.toldoscondor.com.br\/blog\/category\/toldo-cortina\/\">Toldo Cortina<\/a> (8)<\/li>\n<li class=\"cat-item cat-item-139\"><a href=\"https:\/\/www.toldoscondor.com.br\/blog\/category\/toldo-fixo\/\">Toldo Fixo<\/a> (1)<\/li>\n<li class=\"cat-item cat-item-7\"><a title=\"O Toldo Retr\u00e1til \u00e9 muito utilizado em com\u00e9rcio com sua estrutura em ferro galvanizado, e para resid\u00eancia temos o modelos com estrutura em alum\u00ednio com pintura eletrost\u00e1tica, o toldo retr\u00e1til pode ser manual ou motorizado, de f\u00e1cil e manuseio e limpeza.\" href=\"https:\/\/www.toldoscondor.com.br\/blog\/category\/toldo-retratil\/\">Toldo Retr\u00e1til<\/a> (11)<\/li>\n<li class=\"cat-item cat-item-190\"><a href=\"https:\/\/www.toldoscondor.com.br\/blog\/category\/vidro\/\">Vidro<\/a> (1)<\/li>\n<\/ul>\n","protected":false},"excerpt":{"rendered":"<p>Postagens 2018 Dezembro 2018 Novembro 2018 Outubro 2018 Setembro 2018 Agosto 2018 Julho 2018 Junho 2018 Maio 2018 Abril 2018 Mar\u00e7o 2018 Fevereiro 2018 Janeiro 2018 2017 Dezembro 2017 Novembro 2017 Outubro 2017 Setembro 2017 Agosto 2017 Julho 2017 Junho 2017 Maio 2017 Abril 2017 Mar\u00e7o 2017 Fevereiro 2017 Janeiro [&hellip;]<\/p>\n","protected":false},"author":1,"featured_media":0,"parent":0,"menu_order":4,"comment_status":"closed","ping_status":"closed","template":"","meta":{"_joinchat":[],"footnotes":""},"class_list":["post-9","page","type-page","status-publish","hentry"],"yoast_head":"<!-- This site is optimized with the Yoast SEO plugin v26.2 - https:\/\/yoast.com\/wordpress\/plugins\/seo\/ -->\n<title>Postagens - Toldos Condor<\/title>\n<meta name=\"description\" content=\"Postagens de toldos feitas por n\u00f3s da Toldos Condor, em nosso blog vinculado ao nosso site principal www.toldoscondor.com.br\" \/>\n<meta name=\"robots\" content=\"index, follow, max-snippet:-1, max-image-preview:large, max-video-preview:-1\" \/>\n<link rel=\"canonical\" href=\"https:\/\/www.toldoscondor.com.br\/blog\/postagens\/\" \/>\n<meta property=\"og:locale\" content=\"pt_BR\" \/>\n<meta property=\"og:type\" content=\"article\" \/>\n<meta property=\"og:title\" content=\"Postagens - Toldos Condor\" \/>\n<meta property=\"og:description\" content=\"Postagens de toldos feitas por n\u00f3s da Toldos Condor, em nosso blog vinculado ao nosso site principal www.toldoscondor.com.br\" \/>\n<meta property=\"og:url\" content=\"https:\/\/www.toldoscondor.com.br\/blog\/postagens\/\" \/>\n<meta property=\"og:site_name\" content=\"Toldos Condor\" \/>\n<meta property=\"article:publisher\" content=\"https:\/\/www.facebook.com\/CondorToldos\/\" \/>\n<meta property=\"article:modified_time\" content=\"2018-11-12T17:28:00+00:00\" \/>\n<meta name=\"twitter:card\" content=\"summary_large_image\" \/>\n<script type=\"application\/ld+json\" class=\"yoast-schema-graph\">{\"@context\":\"https:\/\/schema.org\",\"@graph\":[{\"@type\":\"WebPage\",\"@id\":\"https:\/\/www.toldoscondor.com.br\/blog\/postagens\/\",\"url\":\"https:\/\/www.toldoscondor.com.br\/blog\/postagens\/\",\"name\":\"Postagens - Toldos Condor\",\"isPartOf\":{\"@id\":\"http:\/\/www.toldoscondor.com.br\/blog\/#website\"},\"datePublished\":\"2016-04-25T14:12:05+00:00\",\"dateModified\":\"2018-11-12T17:28:00+00:00\",\"description\":\"Postagens de toldos feitas por n\u00f3s da Toldos Condor, em nosso blog vinculado ao nosso site principal www.toldoscondor.com.br\",\"breadcrumb\":{\"@id\":\"https:\/\/www.toldoscondor.com.br\/blog\/postagens\/#breadcrumb\"},\"inLanguage\":\"pt-BR\",\"potentialAction\":[{\"@type\":\"ReadAction\",\"target\":[\"https:\/\/www.toldoscondor.com.br\/blog\/postagens\/\"]}]},{\"@type\":\"BreadcrumbList\",\"@id\":\"https:\/\/www.toldoscondor.com.br\/blog\/postagens\/#breadcrumb\",\"itemListElement\":[{\"@type\":\"ListItem\",\"position\":1,\"name\":\"In\u00edcio\",\"item\":\"http:\/\/www.toldoscondor.com.br\/blog\/\"},{\"@type\":\"ListItem\",\"position\":2,\"name\":\"Postagens\"}]},{\"@type\":\"WebSite\",\"@id\":\"http:\/\/www.toldoscondor.com.br\/blog\/#website\",\"url\":\"http:\/\/www.toldoscondor.com.br\/blog\/\",\"name\":\"Toldos Condor\",\"description\":\"Neste blog voc\u00ea encontra alguns dos servi\u00e7os feitos por n\u00f3s da Toldos Condor.\",\"publisher\":{\"@id\":\"http:\/\/www.toldoscondor.com.br\/blog\/#organization\"},\"potentialAction\":[{\"@type\":\"SearchAction\",\"target\":{\"@type\":\"EntryPoint\",\"urlTemplate\":\"http:\/\/www.toldoscondor.com.br\/blog\/?s={search_term_string}\"},\"query-input\":{\"@type\":\"PropertyValueSpecification\",\"valueRequired\":true,\"valueName\":\"search_term_string\"}}],\"inLanguage\":\"pt-BR\"},{\"@type\":\"Organization\",\"@id\":\"http:\/\/www.toldoscondor.com.br\/blog\/#organization\",\"name\":\"Toldos Condor\",\"url\":\"http:\/\/www.toldoscondor.com.br\/blog\/\",\"logo\":{\"@type\":\"ImageObject\",\"inLanguage\":\"pt-BR\",\"@id\":\"http:\/\/www.toldoscondor.com.br\/blog\/#\/schema\/logo\/image\/\",\"url\":\"http:\/\/www.toldoscondor.com.br\/blog\/wp-content\/uploads\/2016\/04\/Logo.png\",\"contentUrl\":\"http:\/\/www.toldoscondor.com.br\/blog\/wp-content\/uploads\/2016\/04\/Logo.png\",\"width\":2167,\"height\":623,\"caption\":\"Toldos Condor\"},\"image\":{\"@id\":\"http:\/\/www.toldoscondor.com.br\/blog\/#\/schema\/logo\/image\/\"},\"sameAs\":[\"https:\/\/www.facebook.com\/CondorToldos\/\",\"http:\/\/br.pinterest.com\/toldoscondor\/\",\"https:\/\/www.youtube.com\/channel\/UCNFWz-w4fuyU1GwrseoXb8A\"]}]}<\/script>\n<!-- \/ Yoast SEO plugin. -->","yoast_head_json":{"title":"Postagens - Toldos Condor","description":"Postagens de toldos feitas por n\u00f3s da Toldos Condor, em nosso blog vinculado ao nosso site principal www.toldoscondor.com.br","robots":{"index":"index","follow":"follow","max-snippet":"max-snippet:-1","max-image-preview":"max-image-preview:large","max-video-preview":"max-video-preview:-1"},"canonical":"https:\/\/www.toldoscondor.com.br\/blog\/postagens\/","og_locale":"pt_BR","og_type":"article","og_title":"Postagens - Toldos Condor","og_description":"Postagens de toldos feitas por n\u00f3s da Toldos Condor, em nosso blog vinculado ao nosso site principal www.toldoscondor.com.br","og_url":"https:\/\/www.toldoscondor.com.br\/blog\/postagens\/","og_site_name":"Toldos Condor","article_publisher":"https:\/\/www.facebook.com\/CondorToldos\/","article_modified_time":"2018-11-12T17:28:00+00:00","twitter_card":"summary_large_image","schema":{"@context":"https:\/\/schema.org","@graph":[{"@type":"WebPage","@id":"https:\/\/www.toldoscondor.com.br\/blog\/postagens\/","url":"https:\/\/www.toldoscondor.com.br\/blog\/postagens\/","name":"Postagens - Toldos Condor","isPartOf":{"@id":"http:\/\/www.toldoscondor.com.br\/blog\/#website"},"datePublished":"2016-04-25T14:12:05+00:00","dateModified":"2018-11-12T17:28:00+00:00","description":"Postagens de toldos feitas por n\u00f3s da Toldos Condor, em nosso blog vinculado ao nosso site principal www.toldoscondor.com.br","breadcrumb":{"@id":"https:\/\/www.toldoscondor.com.br\/blog\/postagens\/#breadcrumb"},"inLanguage":"pt-BR","potentialAction":[{"@type":"ReadAction","target":["https:\/\/www.toldoscondor.com.br\/blog\/postagens\/"]}]},{"@type":"BreadcrumbList","@id":"https:\/\/www.toldoscondor.com.br\/blog\/postagens\/#breadcrumb","itemListElement":[{"@type":"ListItem","position":1,"name":"In\u00edcio","item":"http:\/\/www.toldoscondor.com.br\/blog\/"},{"@type":"ListItem","position":2,"name":"Postagens"}]},{"@type":"WebSite","@id":"http:\/\/www.toldoscondor.com.br\/blog\/#website","url":"http:\/\/www.toldoscondor.com.br\/blog\/","name":"Toldos Condor","description":"Neste blog voc\u00ea encontra alguns dos servi\u00e7os feitos por n\u00f3s da Toldos Condor.","publisher":{"@id":"http:\/\/www.toldoscondor.com.br\/blog\/#organization"},"potentialAction":[{"@type":"SearchAction","target":{"@type":"EntryPoint","urlTemplate":"http:\/\/www.toldoscondor.com.br\/blog\/?s={search_term_string}"},"query-input":{"@type":"PropertyValueSpecification","valueRequired":true,"valueName":"search_term_string"}}],"inLanguage":"pt-BR"},{"@type":"Organization","@id":"http:\/\/www.toldoscondor.com.br\/blog\/#organization","name":"Toldos Condor","url":"http:\/\/www.toldoscondor.com.br\/blog\/","logo":{"@type":"ImageObject","inLanguage":"pt-BR","@id":"http:\/\/www.toldoscondor.com.br\/blog\/#\/schema\/logo\/image\/","url":"http:\/\/www.toldoscondor.com.br\/blog\/wp-content\/uploads\/2016\/04\/Logo.png","contentUrl":"http:\/\/www.toldoscondor.com.br\/blog\/wp-content\/uploads\/2016\/04\/Logo.png","width":2167,"height":623,"caption":"Toldos Condor"},"image":{"@id":"http:\/\/www.toldoscondor.com.br\/blog\/#\/schema\/logo\/image\/"},"sameAs":["https:\/\/www.facebook.com\/CondorToldos\/","http:\/\/br.pinterest.com\/toldoscondor\/","https:\/\/www.youtube.com\/channel\/UCNFWz-w4fuyU1GwrseoXb8A"]}]}},"jetpack_sharing_enabled":true,"_links":{"self":[{"href":"https:\/\/www.toldoscondor.com.br\/blog\/wp-json\/wp\/v2\/pages\/9","targetHints":{"allow":["GET"]}}],"collection":[{"href":"https:\/\/www.toldoscondor.com.br\/blog\/wp-json\/wp\/v2\/pages"}],"about":[{"href":"https:\/\/www.toldoscondor.com.br\/blog\/wp-json\/wp\/v2\/types\/page"}],"author":[{"embeddable":true,"href":"https:\/\/www.toldoscondor.com.br\/blog\/wp-json\/wp\/v2\/users\/1"}],"replies":[{"embeddable":true,"href":"https:\/\/www.toldoscondor.com.br\/blog\/wp-json\/wp\/v2\/comments?post=9"}],"version-history":[{"count":12,"href":"https:\/\/www.toldoscondor.com.br\/blog\/wp-json\/wp\/v2\/pages\/9\/revisions"}],"predecessor-version":[{"id":2021,"href":"https:\/\/www.toldoscondor.com.br\/blog\/wp-json\/wp\/v2\/pages\/9\/revisions\/2021"}],"wp:attachment":[{"href":"https:\/\/www.toldoscondor.com.br\/blog\/wp-json\/wp\/v2\/media?parent=9"}],"curies":[{"name":"wp","href":"https:\/\/api.w.org\/{rel}","templated":true}]}}