{"id":7,"date":"2016-04-25T14:11:33","date_gmt":"2016-04-25T14:11:33","guid":{"rendered":"http:\/\/site1383132818.hospedagemdesites.ws\/blog\/?page_id=7"},"modified":"2016-09-08T13:22:08","modified_gmt":"2016-09-08T13:22:08","slug":"toldos-condor","status":"publish","type":"page","link":"https:\/\/www.toldoscondor.com.br\/blog\/toldos-condor\/","title":{"rendered":"Toldos Condor"},"content":{"rendered":"<p>N\u00f3s\u00a0<strong>Toldos<\/strong> <strong>Condor<\/strong> estamos no mercado de <strong>toldos<\/strong> em <strong>lona<\/strong> h\u00e1 21 anos, trabalhando com modelos de <strong>toldo<\/strong> <strong>fixo<\/strong>, <strong>toldo<\/strong> <strong>retr\u00e1til<\/strong>, <strong>toldo<\/strong> <strong>articulado<\/strong> e <strong>toldo<\/strong> <strong>cortina<\/strong>, garantindo sempre a qualidade e satisfa\u00e7\u00e3o do cliente com o produto.<\/p>\n<p>Prezamos por um atendimento personalizado, onde o cliente \u00e9 nosso amigo e para ele trabalhamos somente com os melhores fornecedores para que possamos entregar sempre o melhor toldo.<\/p>\n<p>Todos nossos modelos de <strong>toldo<\/strong> s\u00e3o fabricados em alum\u00ednio e contam com pintura eletrost\u00e1tica em suas estruturas.<\/p>\n<p>Nossas lonas de <strong>toldo<\/strong> contam com filtro UV para raios solares e prote\u00e7\u00e3o anti-fogo.<\/p>\n<p>S\u00e3o 21 anos cobrindo o Brasil com qualidade!<\/p>\n<p>&nbsp;<\/p>\n<p>&nbsp;<\/p>\n","protected":false},"excerpt":{"rendered":"<p>N\u00f3s\u00a0Toldos Condor estamos no mercado de toldos em lona h\u00e1 21 anos, trabalhando com modelos de toldo fixo, toldo retr\u00e1til, toldo articulado e toldo cortina, garantindo sempre a qualidade e satisfa\u00e7\u00e3o do cliente com o produto. Prezamos por um atendimento personalizado, onde o cliente \u00e9 nosso amigo e para ele [&hellip;]<\/p>\n","protected":false},"author":1,"featured_media":0,"parent":0,"menu_order":2,"comment_status":"closed","ping_status":"closed","template":"","meta":{"_joinchat":[],"footnotes":""},"class_list":["post-7","page","type-page","status-publish","hentry"],"yoast_head":"<!-- This site is optimized with the Yoast SEO plugin v26.2 - https:\/\/yoast.com\/wordpress\/plugins\/seo\/ -->\n<title>Toldos Condor - Toldos Condor<\/title>\n<meta name=\"description\" content=\"Fundada em 1993 a Toldos Condor, desde o in\u00edcio de sua trajet\u00f3ria a qualidade e sua satisfa\u00e7\u00e3o sempre foi nosso objetivo, sempre buscando inova\u00e7\u00f5es.\" \/>\n<meta name=\"robots\" content=\"index, follow, max-snippet:-1, max-image-preview:large, max-video-preview:-1\" \/>\n<link rel=\"canonical\" href=\"https:\/\/www.toldoscondor.com.br\/blog\/toldos-condor\/\" \/>\n<meta property=\"og:locale\" content=\"pt_BR\" \/>\n<meta property=\"og:type\" content=\"article\" \/>\n<meta property=\"og:title\" content=\"Toldos Condor - Toldos Condor\" \/>\n<meta property=\"og:description\" content=\"Fundada em 1993 a Toldos Condor, desde o in\u00edcio de sua trajet\u00f3ria a qualidade e sua satisfa\u00e7\u00e3o sempre foi nosso objetivo, sempre buscando inova\u00e7\u00f5es.\" \/>\n<meta property=\"og:url\" content=\"https:\/\/www.toldoscondor.com.br\/blog\/toldos-condor\/\" \/>\n<meta property=\"og:site_name\" content=\"Toldos Condor\" \/>\n<meta property=\"article:publisher\" content=\"https:\/\/www.facebook.com\/CondorToldos\/\" \/>\n<meta property=\"article:modified_time\" content=\"2016-09-08T13:22:08+00:00\" \/>\n<meta name=\"twitter:card\" content=\"summary_large_image\" \/>\n<meta name=\"twitter:label1\" content=\"Est. tempo de leitura\" \/>\n\t<meta name=\"twitter:data1\" content=\"1 minuto\" \/>\n<script type=\"application\/ld+json\" class=\"yoast-schema-graph\">{\"@context\":\"https:\/\/schema.org\",\"@graph\":[{\"@type\":\"WebPage\",\"@id\":\"https:\/\/www.toldoscondor.com.br\/blog\/toldos-condor\/\",\"url\":\"https:\/\/www.toldoscondor.com.br\/blog\/toldos-condor\/\",\"name\":\"Toldos Condor - Toldos Condor\",\"isPartOf\":{\"@id\":\"http:\/\/www.toldoscondor.com.br\/blog\/#website\"},\"datePublished\":\"2016-04-25T14:11:33+00:00\",\"dateModified\":\"2016-09-08T13:22:08+00:00\",\"description\":\"Fundada em 1993 a Toldos Condor, desde o in\u00edcio de sua trajet\u00f3ria a qualidade e sua satisfa\u00e7\u00e3o sempre foi nosso objetivo, sempre buscando inova\u00e7\u00f5es.\",\"breadcrumb\":{\"@id\":\"https:\/\/www.toldoscondor.com.br\/blog\/toldos-condor\/#breadcrumb\"},\"inLanguage\":\"pt-BR\",\"potentialAction\":[{\"@type\":\"ReadAction\",\"target\":[\"https:\/\/www.toldoscondor.com.br\/blog\/toldos-condor\/\"]}]},{\"@type\":\"BreadcrumbList\",\"@id\":\"https:\/\/www.toldoscondor.com.br\/blog\/toldos-condor\/#breadcrumb\",\"itemListElement\":[{\"@type\":\"ListItem\",\"position\":1,\"name\":\"In\u00edcio\",\"item\":\"http:\/\/www.toldoscondor.com.br\/blog\/\"},{\"@type\":\"ListItem\",\"position\":2,\"name\":\"Toldos Condor\"}]},{\"@type\":\"WebSite\",\"@id\":\"http:\/\/www.toldoscondor.com.br\/blog\/#website\",\"url\":\"http:\/\/www.toldoscondor.com.br\/blog\/\",\"name\":\"Toldos Condor\",\"description\":\"Neste blog voc\u00ea encontra alguns dos servi\u00e7os feitos por n\u00f3s da Toldos Condor.\",\"publisher\":{\"@id\":\"http:\/\/www.toldoscondor.com.br\/blog\/#organization\"},\"potentialAction\":[{\"@type\":\"SearchAction\",\"target\":{\"@type\":\"EntryPoint\",\"urlTemplate\":\"http:\/\/www.toldoscondor.com.br\/blog\/?s={search_term_string}\"},\"query-input\":{\"@type\":\"PropertyValueSpecification\",\"valueRequired\":true,\"valueName\":\"search_term_string\"}}],\"inLanguage\":\"pt-BR\"},{\"@type\":\"Organization\",\"@id\":\"http:\/\/www.toldoscondor.com.br\/blog\/#organization\",\"name\":\"Toldos Condor\",\"url\":\"http:\/\/www.toldoscondor.com.br\/blog\/\",\"logo\":{\"@type\":\"ImageObject\",\"inLanguage\":\"pt-BR\",\"@id\":\"http:\/\/www.toldoscondor.com.br\/blog\/#\/schema\/logo\/image\/\",\"url\":\"http:\/\/www.toldoscondor.com.br\/blog\/wp-content\/uploads\/2016\/04\/Logo.png\",\"contentUrl\":\"http:\/\/www.toldoscondor.com.br\/blog\/wp-content\/uploads\/2016\/04\/Logo.png\",\"width\":2167,\"height\":623,\"caption\":\"Toldos Condor\"},\"image\":{\"@id\":\"http:\/\/www.toldoscondor.com.br\/blog\/#\/schema\/logo\/image\/\"},\"sameAs\":[\"https:\/\/www.facebook.com\/CondorToldos\/\",\"http:\/\/br.pinterest.com\/toldoscondor\/\",\"https:\/\/www.youtube.com\/channel\/UCNFWz-w4fuyU1GwrseoXb8A\"]}]}<\/script>\n<!-- \/ Yoast SEO plugin. -->","yoast_head_json":{"title":"Toldos Condor - Toldos Condor","description":"Fundada em 1993 a Toldos Condor, desde o in\u00edcio de sua trajet\u00f3ria a qualidade e sua satisfa\u00e7\u00e3o sempre foi nosso objetivo, sempre buscando inova\u00e7\u00f5es.","robots":{"index":"index","follow":"follow","max-snippet":"max-snippet:-1","max-image-preview":"max-image-preview:large","max-video-preview":"max-video-preview:-1"},"canonical":"https:\/\/www.toldoscondor.com.br\/blog\/toldos-condor\/","og_locale":"pt_BR","og_type":"article","og_title":"Toldos Condor - Toldos Condor","og_description":"Fundada em 1993 a Toldos Condor, desde o in\u00edcio de sua trajet\u00f3ria a qualidade e sua satisfa\u00e7\u00e3o sempre foi nosso objetivo, sempre buscando inova\u00e7\u00f5es.","og_url":"https:\/\/www.toldoscondor.com.br\/blog\/toldos-condor\/","og_site_name":"Toldos Condor","article_publisher":"https:\/\/www.facebook.com\/CondorToldos\/","article_modified_time":"2016-09-08T13:22:08+00:00","twitter_card":"summary_large_image","twitter_misc":{"Est. tempo de leitura":"1 minuto"},"schema":{"@context":"https:\/\/schema.org","@graph":[{"@type":"WebPage","@id":"https:\/\/www.toldoscondor.com.br\/blog\/toldos-condor\/","url":"https:\/\/www.toldoscondor.com.br\/blog\/toldos-condor\/","name":"Toldos Condor - Toldos Condor","isPartOf":{"@id":"http:\/\/www.toldoscondor.com.br\/blog\/#website"},"datePublished":"2016-04-25T14:11:33+00:00","dateModified":"2016-09-08T13:22:08+00:00","description":"Fundada em 1993 a Toldos Condor, desde o in\u00edcio de sua trajet\u00f3ria a qualidade e sua satisfa\u00e7\u00e3o sempre foi nosso objetivo, sempre buscando inova\u00e7\u00f5es.","breadcrumb":{"@id":"https:\/\/www.toldoscondor.com.br\/blog\/toldos-condor\/#breadcrumb"},"inLanguage":"pt-BR","potentialAction":[{"@type":"ReadAction","target":["https:\/\/www.toldoscondor.com.br\/blog\/toldos-condor\/"]}]},{"@type":"BreadcrumbList","@id":"https:\/\/www.toldoscondor.com.br\/blog\/toldos-condor\/#breadcrumb","itemListElement":[{"@type":"ListItem","position":1,"name":"In\u00edcio","item":"http:\/\/www.toldoscondor.com.br\/blog\/"},{"@type":"ListItem","position":2,"name":"Toldos Condor"}]},{"@type":"WebSite","@id":"http:\/\/www.toldoscondor.com.br\/blog\/#website","url":"http:\/\/www.toldoscondor.com.br\/blog\/","name":"Toldos Condor","description":"Neste blog voc\u00ea encontra alguns dos servi\u00e7os feitos por n\u00f3s da Toldos Condor.","publisher":{"@id":"http:\/\/www.toldoscondor.com.br\/blog\/#organization"},"potentialAction":[{"@type":"SearchAction","target":{"@type":"EntryPoint","urlTemplate":"http:\/\/www.toldoscondor.com.br\/blog\/?s={search_term_string}"},"query-input":{"@type":"PropertyValueSpecification","valueRequired":true,"valueName":"search_term_string"}}],"inLanguage":"pt-BR"},{"@type":"Organization","@id":"http:\/\/www.toldoscondor.com.br\/blog\/#organization","name":"Toldos Condor","url":"http:\/\/www.toldoscondor.com.br\/blog\/","logo":{"@type":"ImageObject","inLanguage":"pt-BR","@id":"http:\/\/www.toldoscondor.com.br\/blog\/#\/schema\/logo\/image\/","url":"http:\/\/www.toldoscondor.com.br\/blog\/wp-content\/uploads\/2016\/04\/Logo.png","contentUrl":"http:\/\/www.toldoscondor.com.br\/blog\/wp-content\/uploads\/2016\/04\/Logo.png","width":2167,"height":623,"caption":"Toldos Condor"},"image":{"@id":"http:\/\/www.toldoscondor.com.br\/blog\/#\/schema\/logo\/image\/"},"sameAs":["https:\/\/www.facebook.com\/CondorToldos\/","http:\/\/br.pinterest.com\/toldoscondor\/","https:\/\/www.youtube.com\/channel\/UCNFWz-w4fuyU1GwrseoXb8A"]}]}},"jetpack_sharing_enabled":true,"_links":{"self":[{"href":"https:\/\/www.toldoscondor.com.br\/blog\/wp-json\/wp\/v2\/pages\/7","targetHints":{"allow":["GET"]}}],"collection":[{"href":"https:\/\/www.toldoscondor.com.br\/blog\/wp-json\/wp\/v2\/pages"}],"about":[{"href":"https:\/\/www.toldoscondor.com.br\/blog\/wp-json\/wp\/v2\/types\/page"}],"author":[{"embeddable":true,"href":"https:\/\/www.toldoscondor.com.br\/blog\/wp-json\/wp\/v2\/users\/1"}],"replies":[{"embeddable":true,"href":"https:\/\/www.toldoscondor.com.br\/blog\/wp-json\/wp\/v2\/comments?post=7"}],"version-history":[{"count":10,"href":"https:\/\/www.toldoscondor.com.br\/blog\/wp-json\/wp\/v2\/pages\/7\/revisions"}],"predecessor-version":[{"id":802,"href":"https:\/\/www.toldoscondor.com.br\/blog\/wp-json\/wp\/v2\/pages\/7\/revisions\/802"}],"wp:attachment":[{"href":"https:\/\/www.toldoscondor.com.br\/blog\/wp-json\/wp\/v2\/media?parent=7"}],"curies":[{"name":"wp","href":"https:\/\/api.w.org\/{rel}","templated":true}]}}